{"id":37,"date":"2025-12-26T02:47:57","date_gmt":"2025-12-26T02:47:57","guid":{"rendered":"http:\/\/www.psv-tischtennis-berlin.de\/?page_id=37"},"modified":"2026-03-28T13:04:29","modified_gmt":"2026-03-28T13:04:29","slug":"halle-trainingszeiten","status":"publish","type":"page","link":"http:\/\/www.psv-tischtennis-berlin.de\/?page_id=37","title":{"rendered":"Halle Kreuzberg"},"content":{"rendered":"\n<figure class=\"wp-block-image size-large\"><img loading=\"lazy\" decoding=\"async\" width=\"1024\" height=\"683\" src=\"http:\/\/www.psv-tischtennis-berlin.de\/wp-content\/uploads\/2025\/12\/02b4c49c-973a-4428-81cc-c34cf93ee384-1024x683.png\" alt=\"\" class=\"wp-image-38\" srcset=\"http:\/\/www.psv-tischtennis-berlin.de\/wp-content\/uploads\/2025\/12\/02b4c49c-973a-4428-81cc-c34cf93ee384-1024x683.png 1024w, http:\/\/www.psv-tischtennis-berlin.de\/wp-content\/uploads\/2025\/12\/02b4c49c-973a-4428-81cc-c34cf93ee384-300x200.png 300w, http:\/\/www.psv-tischtennis-berlin.de\/wp-content\/uploads\/2025\/12\/02b4c49c-973a-4428-81cc-c34cf93ee384-768x512.png 768w, http:\/\/www.psv-tischtennis-berlin.de\/wp-content\/uploads\/2025\/12\/02b4c49c-973a-4428-81cc-c34cf93ee384-1536x1025.png 1536w, http:\/\/www.psv-tischtennis-berlin.de\/wp-content\/uploads\/2025\/12\/02b4c49c-973a-4428-81cc-c34cf93ee384.png 2000w\" sizes=\"auto, (max-width: 767px) 89vw, (max-width: 1000px) 54vw, (max-width: 1071px) 543px, 580px\" \/><\/figure>\n\n\n\n<p>Montag 18:30-20 Uhr (17-20 Uhr Badminton)<br>Dienstag, 18-21:30 Uhr<br>Freitag 17-21:30 Uhr<br>Sonntag 14-18 Uhr<br><br>Obere Halle<br>Charlotte-Salomon-Grundschule<br>Gro\u00dfbeerenstra\u00dfe 40 <br>10965 Berlin<\/p>\n\n\n\n<p>Zugang zur Halle durchs Tor links neben dem Parkhaus. P\u00fcnktlich am Tor treffen, wer sp\u00e4ter kommt muss ggf. anrufen \u2013 es gibt keine Klingel.<\/p>\n\n\n\n<!-- Google Maps Einbettung \u2013 PSV Tischtennis Berlin (Marker + Satellit) -->\n<div class=\"map-container\">\n    <iframe \n        src=\"https:\/\/www.google.com\/maps\/embed?pb=!1m18!1m12!1m3!1d3378.3885023696043!2d13.381913899999995!3d52.4901982!2m3!1f0!2f0!3f0!3m2!1i1024!2i768!4f13.1!3m3!1m2!1s0x47a85193124076ff%3A0x9c8b2c684089c532!2sPSV%20Tischtennis!5e1!3m2!1sde!2sde!4v1766983781812!5m2!1sde!2sde\" \n        allowfullscreen=\"\" \n        loading=\"lazy\" \n        referrerpolicy=\"no-referrer-when-downgrade\">\n    <\/iframe>\n<\/div>\n\n<style>\n.map-container {\n    width: 100%;\n    max-width: 100%;\n    height: 250px;       \/* H\u00f6he 300px *\/\n    margin: 0 auto;\n    line-height: 0;      \/* entfernt L\u00fccke unter dem iframe *\/\n}\n.map-container iframe {\n    display: block;\n    width: 100%;\n    height: 100%;\n    border: 0;\n}\n<\/style>\n\n\n\n<figure class=\"wp-block-gallery has-nested-images columns-default is-cropped wp-block-gallery-1 is-layout-flex wp-block-gallery-is-layout-flex\">\n<figure class=\"wp-block-image size-large\"><img loading=\"lazy\" decoding=\"async\" width=\"1024\" height=\"619\" data-id=\"40\" src=\"http:\/\/www.psv-tischtennis-berlin.de\/wp-content\/uploads\/2025\/12\/PSVHalleTor-1024x619.jpeg\" alt=\"\" class=\"wp-image-40\" srcset=\"http:\/\/www.psv-tischtennis-berlin.de\/wp-content\/uploads\/2025\/12\/PSVHalleTor-1024x619.jpeg 1024w, http:\/\/www.psv-tischtennis-berlin.de\/wp-content\/uploads\/2025\/12\/PSVHalleTor-300x181.jpeg 300w, http:\/\/www.psv-tischtennis-berlin.de\/wp-content\/uploads\/2025\/12\/PSVHalleTor-768x464.jpeg 768w, http:\/\/www.psv-tischtennis-berlin.de\/wp-content\/uploads\/2025\/12\/PSVHalleTor-1536x928.jpeg 1536w, http:\/\/www.psv-tischtennis-berlin.de\/wp-content\/uploads\/2025\/12\/PSVHalleTor.jpeg 1701w\" sizes=\"auto, (max-width: 767px) 89vw, (max-width: 1000px) 54vw, (max-width: 1071px) 543px, 580px\" \/><\/figure>\n<\/figure>\n\n\n\n<p><\/p>\n","protected":false},"excerpt":{"rendered":"<p>Montag 18:30-20 Uhr (17-20 Uhr Badminton)Dienstag, 18-21:30 UhrFreitag 17-21:30 UhrSonntag 14-18 Uhr Obere HalleCharlotte-Salomon-GrundschuleGro\u00dfbeerenstra\u00dfe 40 10965 Berlin Zugang zur Halle durchs Tor links neben dem Parkhaus. P\u00fcnktlich am Tor treffen, wer sp\u00e4ter kommt muss ggf. anrufen \u2013 es gibt keine Klingel.<\/p>\n","protected":false},"author":1,"featured_media":0,"parent":0,"menu_order":0,"comment_status":"closed","ping_status":"closed","template":"","meta":{"footnotes":""},"class_list":["post-37","page","type-page","status-publish","hentry"],"_links":{"self":[{"href":"http:\/\/www.psv-tischtennis-berlin.de\/index.php?rest_route=\/wp\/v2\/pages\/37","targetHints":{"allow":["GET"]}}],"collection":[{"href":"http:\/\/www.psv-tischtennis-berlin.de\/index.php?rest_route=\/wp\/v2\/pages"}],"about":[{"href":"http:\/\/www.psv-tischtennis-berlin.de\/index.php?rest_route=\/wp\/v2\/types\/page"}],"author":[{"embeddable":true,"href":"http:\/\/www.psv-tischtennis-berlin.de\/index.php?rest_route=\/wp\/v2\/users\/1"}],"replies":[{"embeddable":true,"href":"http:\/\/www.psv-tischtennis-berlin.de\/index.php?rest_route=%2Fwp%2Fv2%2Fcomments&post=37"}],"version-history":[{"count":19,"href":"http:\/\/www.psv-tischtennis-berlin.de\/index.php?rest_route=\/wp\/v2\/pages\/37\/revisions"}],"predecessor-version":[{"id":135,"href":"http:\/\/www.psv-tischtennis-berlin.de\/index.php?rest_route=\/wp\/v2\/pages\/37\/revisions\/135"}],"wp:attachment":[{"href":"http:\/\/www.psv-tischtennis-berlin.de\/index.php?rest_route=%2Fwp%2Fv2%2Fmedia&parent=37"}],"curies":[{"name":"wp","href":"https:\/\/api.w.org\/{rel}","templated":true}]}}